{"id":235,"date":"2020-12-22T00:57:30","date_gmt":"2020-12-22T00:57:30","guid":{"rendered":"http:\/\/kintek.com.gt\/kineduka\/?page_id=235"},"modified":"2021-03-10T00:20:51","modified_gmt":"2021-03-10T00:20:51","slug":"quienes-somos","status":"publish","type":"page","link":"https:\/\/kintek.com.gt\/kineduka\/quienes-somos\/","title":{"rendered":"Quienes Somos"},"content":{"rendered":"\t\t<div data-elementor-type=\"wp-page\" data-elementor-id=\"235\" class=\"elementor elementor-235\">\n\t\t\t\t\t\t<section class=\"elementor-section elementor-top-section elementor-element elementor-element-2db8244 elementor-section-boxed elementor-section-height-default elementor-section-height-default\" data-id=\"2db8244\" data-element_type=\"section\">\n\t\t\t\t\t\t<div class=\"elementor-container elementor-column-gap-default\">\n\t\t\t\t\t<div class=\"elementor-column elementor-col-100 elementor-top-column elementor-element elementor-element-bf6424a\" data-id=\"bf6424a\" data-element_type=\"column\" data-settings=\"{&quot;background_background&quot;:&quot;classic&quot;}\">\n\t\t\t<div class=\"elementor-widget-wrap elementor-element-populated\">\n\t\t\t\t\t\t<div class=\"elementor-element elementor-element-e9397b0 elementor-widget elementor-widget-spacer\" data-id=\"e9397b0\" data-element_type=\"widget\" data-widget_type=\"spacer.default\">\n\t\t\t\t<div class=\"elementor-widget-container\">\n\t\t\t\t\t\t\t<div class=\"elementor-spacer\">\n\t\t\t<div class=\"elementor-spacer-inner\"><\/div>\n\t\t<\/div>\n\t\t\t\t\t\t<\/div>\n\t\t\t\t<\/div>\n\t\t\t\t\t<\/div>\n\t\t<\/div>\n\t\t\t\t\t<\/div>\n\t\t<\/section>\n\t\t\t\t<section class=\"elementor-section elementor-top-section elementor-element elementor-element-62f96e5 elementor-section-boxed elementor-section-height-default elementor-section-height-default\" data-id=\"62f96e5\" data-element_type=\"section\">\n\t\t\t\t\t\t<div class=\"elementor-container elementor-column-gap-default\">\n\t\t\t\t\t<div class=\"elementor-column elementor-col-100 elementor-top-column elementor-element elementor-element-d02c2b8\" data-id=\"d02c2b8\" data-element_type=\"column\">\n\t\t\t<div class=\"elementor-widget-wrap elementor-element-populated\">\n\t\t\t\t\t\t<div class=\"elementor-element elementor-element-fd14c8d elementor-widget elementor-widget-heading\" data-id=\"fd14c8d\" data-element_type=\"widget\" data-widget_type=\"heading.default\">\n\t\t\t\t<div class=\"elementor-widget-container\">\n\t\t\t\t\t<h2 class=\"elementor-heading-title elementor-size-default\">SOMOS KINEDUKA <\/h2>\t\t\t\t<\/div>\n\t\t\t\t<\/div>\n\t\t\t\t<section class=\"elementor-section elementor-inner-section elementor-element elementor-element-cd279ed elementor-section-boxed elementor-section-height-default elementor-section-height-default\" data-id=\"cd279ed\" data-element_type=\"section\">\n\t\t\t\t\t\t<div class=\"elementor-container elementor-column-gap-default\">\n\t\t\t\t\t<div class=\"elementor-column elementor-col-50 elementor-inner-column elementor-element elementor-element-76e96d9\" data-id=\"76e96d9\" data-element_type=\"column\">\n\t\t\t<div class=\"elementor-widget-wrap elementor-element-populated\">\n\t\t\t\t\t\t<div class=\"elementor-element elementor-element-4a4aed0 elementor-widget elementor-widget-text-editor\" data-id=\"4a4aed0\" data-element_type=\"widget\" data-widget_type=\"text-editor.default\">\n\t\t\t\t<div class=\"elementor-widget-container\">\n\t\t\t\t\t\t\t\t\t<p>Somo una academia que transforma las vidas de las personas por medo de intercambio de conocimiento en diversas \u00e1reas, generando profesionales para \u00e9ste mundo competitivo y tecnol\u00f3gico\u00a0<\/p>\t\t\t\t\t\t\t\t<\/div>\n\t\t\t\t<\/div>\n\t\t\t\t\t<\/div>\n\t\t<\/div>\n\t\t\t\t<div class=\"elementor-column elementor-col-50 elementor-inner-column elementor-element elementor-element-8850a66\" data-id=\"8850a66\" data-element_type=\"column\">\n\t\t\t<div class=\"elementor-widget-wrap elementor-element-populated\">\n\t\t\t\t\t\t<div class=\"elementor-element elementor-element-4e703d6 elementor-widget elementor-widget-image\" data-id=\"4e703d6\" data-element_type=\"widget\" data-widget_type=\"image.default\">\n\t\t\t\t<div class=\"elementor-widget-container\">\n\t\t\t\t\t\t\t\t\t\t\t\t\t\t\t<img fetchpriority=\"high\" decoding=\"async\" width=\"1024\" height=\"576\" src=\"https:\/\/kintek.com.gt\/kineduka\/wp-content\/uploads\/2021\/03\/success-2081167-1024x576.jpg\" class=\"attachment-large size-large wp-image-421\" alt=\"tecno\" srcset=\"https:\/\/kintek.com.gt\/kineduka\/wp-content\/uploads\/2021\/03\/success-2081167-1024x576.jpg 1024w, https:\/\/kintek.com.gt\/kineduka\/wp-content\/uploads\/2021\/03\/success-2081167-300x169.jpg 300w, https:\/\/kintek.com.gt\/kineduka\/wp-content\/uploads\/2021\/03\/success-2081167-768x432.jpg 768w, https:\/\/kintek.com.gt\/kineduka\/wp-content\/uploads\/2021\/03\/success-2081167-1536x864.jpg 1536w, https:\/\/kintek.com.gt\/kineduka\/wp-content\/uploads\/2021\/03\/success-2081167-830x467.jpg 830w, https:\/\/kintek.com.gt\/kineduka\/wp-content\/uploads\/2021\/03\/success-2081167-230x129.jpg 230w, https:\/\/kintek.com.gt\/kineduka\/wp-content\/uploads\/2021\/03\/success-2081167-350x197.jpg 350w, https:\/\/kintek.com.gt\/kineduka\/wp-content\/uploads\/2021\/03\/success-2081167-480x270.jpg 480w, https:\/\/kintek.com.gt\/kineduka\/wp-content\/uploads\/2021\/03\/success-2081167.jpg 1920w\" sizes=\"(max-width: 1024px) 100vw, 1024px\" \/>\t\t\t\t\t\t\t\t\t\t\t\t\t\t\t<\/div>\n\t\t\t\t<\/div>\n\t\t\t\t\t<\/div>\n\t\t<\/div>\n\t\t\t\t\t<\/div>\n\t\t<\/section>\n\t\t\t\t\t<\/div>\n\t\t<\/div>\n\t\t\t\t\t<\/div>\n\t\t<\/section>\n\t\t\t\t<\/div>\n\t\t","protected":false},"excerpt":{"rendered":"<p>SOMOS KINEDUKA Somo una academia que transforma las vidas de las personas por medo de intercambio de conocimiento en diversas \u00e1reas, generando profesionales para \u00e9ste mundo competitivo y tecnol\u00f3gico\u00a0<\/p>\n","protected":false},"author":1,"featured_media":0,"parent":0,"menu_order":0,"comment_status":"closed","ping_status":"closed","template":"page-templates\/page_front-page.php","meta":{"footnotes":""},"class_list":["post-235","page","type-page","status-publish","hentry"],"_links":{"self":[{"href":"https:\/\/kintek.com.gt\/kineduka\/wp-json\/wp\/v2\/pages\/235","targetHints":{"allow":["GET"]}}],"collection":[{"href":"https:\/\/kintek.com.gt\/kineduka\/wp-json\/wp\/v2\/pages"}],"about":[{"href":"https:\/\/kintek.com.gt\/kineduka\/wp-json\/wp\/v2\/types\/page"}],"author":[{"embeddable":true,"href":"https:\/\/kintek.com.gt\/kineduka\/wp-json\/wp\/v2\/users\/1"}],"replies":[{"embeddable":true,"href":"https:\/\/kintek.com.gt\/kineduka\/wp-json\/wp\/v2\/comments?post=235"}],"version-history":[{"count":55,"href":"https:\/\/kintek.com.gt\/kineduka\/wp-json\/wp\/v2\/pages\/235\/revisions"}],"predecessor-version":[{"id":441,"href":"https:\/\/kintek.com.gt\/kineduka\/wp-json\/wp\/v2\/pages\/235\/revisions\/441"}],"wp:attachment":[{"href":"https:\/\/kintek.com.gt\/kineduka\/wp-json\/wp\/v2\/media?parent=235"}],"curies":[{"name":"wp","href":"https:\/\/api.w.org\/{rel}","templated":true}]}}