{"id":488,"date":"2021-03-11T15:33:13","date_gmt":"2021-03-11T15:33:13","guid":{"rendered":"http:\/\/kintek.com.gt\/kineduka\/?page_id=488"},"modified":"2021-03-12T23:54:08","modified_gmt":"2021-03-12T23:54:08","slug":"diplomados","status":"publish","type":"page","link":"https:\/\/kintek.com.gt\/kineduka\/diplomados\/","title":{"rendered":"diplomados"},"content":{"rendered":"\t\t<div data-elementor-type=\"wp-page\" data-elementor-id=\"488\" class=\"elementor elementor-488\">\n\t\t\t\t\t\t<section class=\"elementor-section elementor-top-section elementor-element elementor-element-ca0fdb5 elementor-section-boxed elementor-section-height-default elementor-section-height-default\" data-id=\"ca0fdb5\" data-element_type=\"section\">\n\t\t\t\t\t\t<div class=\"elementor-container elementor-column-gap-default\">\n\t\t\t\t\t<div class=\"elementor-column elementor-col-100 elementor-top-column elementor-element elementor-element-071cf3e\" data-id=\"071cf3e\" data-element_type=\"column\">\n\t\t\t<div class=\"elementor-widget-wrap elementor-element-populated\">\n\t\t\t\t\t\t<div class=\"elementor-element elementor-element-00602b9 elementor-widget elementor-widget-spacer\" data-id=\"00602b9\" data-element_type=\"widget\" data-widget_type=\"spacer.default\">\n\t\t\t\t<div class=\"elementor-widget-container\">\n\t\t\t\t\t\t\t<div class=\"elementor-spacer\">\n\t\t\t<div class=\"elementor-spacer-inner\"><\/div>\n\t\t<\/div>\n\t\t\t\t\t\t<\/div>\n\t\t\t\t<\/div>\n\t\t\t\t<section class=\"elementor-section elementor-inner-section elementor-element elementor-element-bc32033 elementor-section-boxed elementor-section-height-default elementor-section-height-default\" data-id=\"bc32033\" data-element_type=\"section\">\n\t\t\t\t\t\t<div class=\"elementor-container elementor-column-gap-default\">\n\t\t\t\t\t<div class=\"elementor-column elementor-col-50 elementor-inner-column elementor-element elementor-element-b400326\" data-id=\"b400326\" data-element_type=\"column\">\n\t\t\t<div class=\"elementor-widget-wrap elementor-element-populated\">\n\t\t\t\t\t\t<div class=\"elementor-element elementor-element-c367a3c elementor-widget__width-auto elementor-widget elementor-widget-image\" data-id=\"c367a3c\" data-element_type=\"widget\" data-widget_type=\"image.default\">\n\t\t\t\t<div class=\"elementor-widget-container\">\n\t\t\t\t\t\t\t\t\t\t\t\t\t\t\t<img decoding=\"async\" width=\"150\" height=\"150\" src=\"https:\/\/kintek.com.gt\/kineduka\/wp-content\/uploads\/2021\/03\/DiplomadoK-150x150.png\" class=\"attachment-thumbnail size-thumbnail wp-image-446\" alt=\"Diplomados Kineduka\" srcset=\"https:\/\/kintek.com.gt\/kineduka\/wp-content\/uploads\/2021\/03\/DiplomadoK-150x150.png 150w, https:\/\/kintek.com.gt\/kineduka\/wp-content\/uploads\/2021\/03\/DiplomadoK-300x300.png 300w, https:\/\/kintek.com.gt\/kineduka\/wp-content\/uploads\/2021\/03\/DiplomadoK-230x230.png 230w, https:\/\/kintek.com.gt\/kineduka\/wp-content\/uploads\/2021\/03\/DiplomadoK-350x350.png 350w, https:\/\/kintek.com.gt\/kineduka\/wp-content\/uploads\/2021\/03\/DiplomadoK-480x480.png 480w, https:\/\/kintek.com.gt\/kineduka\/wp-content\/uploads\/2021\/03\/DiplomadoK.png 512w\" sizes=\"(max-width: 150px) 100vw, 150px\" \/>\t\t\t\t\t\t\t\t\t\t\t\t\t\t\t<\/div>\n\t\t\t\t<\/div>\n\t\t\t\t\t<\/div>\n\t\t<\/div>\n\t\t\t\t<div class=\"elementor-column elementor-col-50 elementor-inner-column elementor-element elementor-element-5e1312a\" data-id=\"5e1312a\" data-element_type=\"column\">\n\t\t\t<div class=\"elementor-widget-wrap elementor-element-populated\">\n\t\t\t\t\t\t<div class=\"elementor-element elementor-element-c54e96e elementor-widget elementor-widget-spacer\" data-id=\"c54e96e\" data-element_type=\"widget\" data-widget_type=\"spacer.default\">\n\t\t\t\t<div class=\"elementor-widget-container\">\n\t\t\t\t\t\t\t<div class=\"elementor-spacer\">\n\t\t\t<div class=\"elementor-spacer-inner\"><\/div>\n\t\t<\/div>\n\t\t\t\t\t\t<\/div>\n\t\t\t\t<\/div>\n\t\t\t\t<div class=\"elementor-element elementor-element-c171bb8 elementor-widget elementor-widget-heading\" data-id=\"c171bb8\" data-element_type=\"widget\" data-widget_type=\"heading.default\">\n\t\t\t\t<div class=\"elementor-widget-container\">\n\t\t\t\t\t<h2 class=\"elementor-heading-title elementor-size-default\">DIPLOMADOS<\/h2>\t\t\t\t<\/div>\n\t\t\t\t<\/div>\n\t\t\t\t\t<\/div>\n\t\t<\/div>\n\t\t\t\t\t<\/div>\n\t\t<\/section>\n\t\t\t\t<div class=\"elementor-element elementor-element-150b29a elementor-widget-divider--view-line elementor-widget elementor-widget-divider\" data-id=\"150b29a\" data-element_type=\"widget\" data-widget_type=\"divider.default\">\n\t\t\t\t<div class=\"elementor-widget-container\">\n\t\t\t\t\t\t\t<div class=\"elementor-divider\">\n\t\t\t<span class=\"elementor-divider-separator\">\n\t\t\t\t\t\t<\/span>\n\t\t<\/div>\n\t\t\t\t\t\t<\/div>\n\t\t\t\t<\/div>\n\t\t\t\t\t<\/div>\n\t\t<\/div>\n\t\t\t\t\t<\/div>\n\t\t<\/section>\n\t\t\t\t<section class=\"elementor-section elementor-top-section elementor-element elementor-element-74b7496 elementor-section-boxed elementor-section-height-default elementor-section-height-default\" data-id=\"74b7496\" data-element_type=\"section\">\n\t\t\t\t\t\t<div class=\"elementor-container elementor-column-gap-default\">\n\t\t\t\t\t<div class=\"elementor-column elementor-col-100 elementor-top-column elementor-element elementor-element-67cd27c\" data-id=\"67cd27c\" data-element_type=\"column\">\n\t\t\t<div class=\"elementor-widget-wrap elementor-element-populated\">\n\t\t\t\t\t\t<section class=\"elementor-section elementor-inner-section elementor-element elementor-element-0ccad3b elementor-section-boxed elementor-section-height-default elementor-section-height-default\" data-id=\"0ccad3b\" data-element_type=\"section\">\n\t\t\t\t\t\t<div class=\"elementor-container elementor-column-gap-default\">\n\t\t\t\t\t<div class=\"elementor-column elementor-col-50 elementor-inner-column elementor-element elementor-element-0d1131c\" data-id=\"0d1131c\" data-element_type=\"column\">\n\t\t\t<div class=\"elementor-widget-wrap elementor-element-populated\">\n\t\t\t\t\t\t<div class=\"elementor-element elementor-element-88b8cd3 elementor-widget__width-auto elementor-widget elementor-widget-image\" data-id=\"88b8cd3\" data-element_type=\"widget\" data-widget_type=\"image.default\">\n\t\t\t\t<div class=\"elementor-widget-container\">\n\t\t\t\t\t\t\t\t\t\t\t\t\t\t\t<img fetchpriority=\"high\" decoding=\"async\" width=\"300\" height=\"200\" src=\"https:\/\/kintek.com.gt\/kineduka\/wp-content\/uploads\/2020\/12\/WhatsApp-Image-2020-10-23-at-12.12.04-PM-300x200.jpeg\" class=\"attachment-medium size-medium wp-image-215\" alt=\"diapositiva 1\" srcset=\"https:\/\/kintek.com.gt\/kineduka\/wp-content\/uploads\/2020\/12\/WhatsApp-Image-2020-10-23-at-12.12.04-PM-300x200.jpeg 300w, https:\/\/kintek.com.gt\/kineduka\/wp-content\/uploads\/2020\/12\/WhatsApp-Image-2020-10-23-at-12.12.04-PM-1024x682.jpeg 1024w, https:\/\/kintek.com.gt\/kineduka\/wp-content\/uploads\/2020\/12\/WhatsApp-Image-2020-10-23-at-12.12.04-PM-768x512.jpeg 768w, https:\/\/kintek.com.gt\/kineduka\/wp-content\/uploads\/2020\/12\/WhatsApp-Image-2020-10-23-at-12.12.04-PM-830x553.jpeg 830w, https:\/\/kintek.com.gt\/kineduka\/wp-content\/uploads\/2020\/12\/WhatsApp-Image-2020-10-23-at-12.12.04-PM-230x153.jpeg 230w, https:\/\/kintek.com.gt\/kineduka\/wp-content\/uploads\/2020\/12\/WhatsApp-Image-2020-10-23-at-12.12.04-PM-350x233.jpeg 350w, https:\/\/kintek.com.gt\/kineduka\/wp-content\/uploads\/2020\/12\/WhatsApp-Image-2020-10-23-at-12.12.04-PM-480x320.jpeg 480w, https:\/\/kintek.com.gt\/kineduka\/wp-content\/uploads\/2020\/12\/WhatsApp-Image-2020-10-23-at-12.12.04-PM.jpeg 1280w\" sizes=\"(max-width: 300px) 100vw, 300px\" \/>\t\t\t\t\t\t\t\t\t\t\t\t\t\t\t<\/div>\n\t\t\t\t<\/div>\n\t\t\t\t\t<\/div>\n\t\t<\/div>\n\t\t\t\t<div class=\"elementor-column elementor-col-50 elementor-inner-column elementor-element elementor-element-3339686\" data-id=\"3339686\" data-element_type=\"column\">\n\t\t\t<div class=\"elementor-widget-wrap elementor-element-populated\">\n\t\t\t\t\t\t<div class=\"elementor-element elementor-element-b94f513 elementor-widget elementor-widget-heading\" data-id=\"b94f513\" data-element_type=\"widget\" data-widget_type=\"heading.default\">\n\t\t\t\t<div class=\"elementor-widget-container\">\n\t\t\t\t\t<h2 class=\"elementor-heading-title elementor-size-default\">T\u00e9cnico en Energ\u00eda Solar Fotovoltaica <\/h2>\t\t\t\t<\/div>\n\t\t\t\t<\/div>\n\t\t\t\t<div class=\"elementor-element elementor-element-1460393 elementor-widget elementor-widget-text-editor\" data-id=\"1460393\" data-element_type=\"widget\" data-widget_type=\"text-editor.default\">\n\t\t\t\t<div class=\"elementor-widget-container\">\n\t\t\t\t\t\t\t\t\t<p>Formaci\u00f3n de t\u00e9cnicos profesionales en el \u00e1rea de energ\u00edas renovables, que posean las capacidades necesarias para el manejo e implementaci\u00f3n de tecnolog\u00edas que generan electricidad por medio de sistemas solares fotovoltaicos, impactando positivamente al medio ambiente y a la econom\u00eda a trav\u00e9s del uso eficiente y ahorro de energ\u00eda<\/p>\t\t\t\t\t\t\t\t<\/div>\n\t\t\t\t<\/div>\n\t\t\t\t\t<\/div>\n\t\t<\/div>\n\t\t\t\t\t<\/div>\n\t\t<\/section>\n\t\t\t\t<section class=\"elementor-section elementor-inner-section elementor-element elementor-element-9f1b83b elementor-section-boxed elementor-section-height-default elementor-section-height-default\" data-id=\"9f1b83b\" data-element_type=\"section\">\n\t\t\t\t\t\t<div class=\"elementor-container elementor-column-gap-default\">\n\t\t\t\t\t<div class=\"elementor-column elementor-col-50 elementor-inner-column elementor-element elementor-element-7e250f8\" data-id=\"7e250f8\" data-element_type=\"column\">\n\t\t\t<div class=\"elementor-widget-wrap elementor-element-populated\">\n\t\t\t\t\t\t<div class=\"elementor-element elementor-element-88937ed elementor-widget__width-auto elementor-widget elementor-widget-image\" data-id=\"88937ed\" data-element_type=\"widget\" data-widget_type=\"image.default\">\n\t\t\t\t<div class=\"elementor-widget-container\">\n\t\t\t\t\t\t\t\t\t\t\t\t\t\t\t<img decoding=\"async\" width=\"300\" height=\"286\" src=\"https:\/\/kintek.com.gt\/kineduka\/wp-content\/uploads\/2021\/03\/idea-3908619_1920-300x286.jpg\" class=\"attachment-medium size-medium wp-image-530\" alt=\"\" srcset=\"https:\/\/kintek.com.gt\/kineduka\/wp-content\/uploads\/2021\/03\/idea-3908619_1920-300x286.jpg 300w, https:\/\/kintek.com.gt\/kineduka\/wp-content\/uploads\/2021\/03\/idea-3908619_1920-1024x976.jpg 1024w, https:\/\/kintek.com.gt\/kineduka\/wp-content\/uploads\/2021\/03\/idea-3908619_1920-768x732.jpg 768w, https:\/\/kintek.com.gt\/kineduka\/wp-content\/uploads\/2021\/03\/idea-3908619_1920-1536x1464.jpg 1536w, https:\/\/kintek.com.gt\/kineduka\/wp-content\/uploads\/2021\/03\/idea-3908619_1920-830x791.jpg 830w, https:\/\/kintek.com.gt\/kineduka\/wp-content\/uploads\/2021\/03\/idea-3908619_1920-230x219.jpg 230w, https:\/\/kintek.com.gt\/kineduka\/wp-content\/uploads\/2021\/03\/idea-3908619_1920-350x334.jpg 350w, https:\/\/kintek.com.gt\/kineduka\/wp-content\/uploads\/2021\/03\/idea-3908619_1920-480x458.jpg 480w, https:\/\/kintek.com.gt\/kineduka\/wp-content\/uploads\/2021\/03\/idea-3908619_1920.jpg 1920w\" sizes=\"(max-width: 300px) 100vw, 300px\" \/>\t\t\t\t\t\t\t\t\t\t\t\t\t\t\t<\/div>\n\t\t\t\t<\/div>\n\t\t\t\t\t<\/div>\n\t\t<\/div>\n\t\t\t\t<div class=\"elementor-column elementor-col-50 elementor-inner-column elementor-element elementor-element-76be350\" data-id=\"76be350\" data-element_type=\"column\">\n\t\t\t<div class=\"elementor-widget-wrap elementor-element-populated\">\n\t\t\t\t\t\t<div class=\"elementor-element elementor-element-6b85b92 elementor-widget elementor-widget-heading\" data-id=\"6b85b92\" data-element_type=\"widget\" data-widget_type=\"heading.default\">\n\t\t\t\t<div class=\"elementor-widget-container\">\n\t\t\t\t\t<h2 class=\"elementor-heading-title elementor-size-default\">Diplomado en Innovaci\u00f3n y Emprendimiento<\/h2>\t\t\t\t<\/div>\n\t\t\t\t<\/div>\n\t\t\t\t<div class=\"elementor-element elementor-element-3af2ec4 elementor-widget elementor-widget-text-editor\" data-id=\"3af2ec4\" data-element_type=\"widget\" data-widget_type=\"text-editor.default\">\n\t\t\t\t<div class=\"elementor-widget-container\">\n\t\t\t\t\t\t\t\t\t<p><span style=\"background-color: transparent;\">El diploma de innovaci\u00f3n y emprendimiento te entregar\u00e1 diferentes herramientas de&nbsp;<\/span><span style=\"background-color: transparent;\">innovaci\u00f3n para que puedas utilizar en tus negocios o emprendimientos.&nbsp;<\/span><\/p>\n<p>A trav\u00e9s de este Diploma podr\u00e1s abrir tu mente a conocer nuevas metodolog\u00edas de innovaci\u00f3n y dise\u00f1o que te permitir\u00e1n crear servicios o productos innovadores con un valor agregado.<\/p>\n<p><\/p>\t\t\t\t\t\t\t\t<\/div>\n\t\t\t\t<\/div>\n\t\t\t\t\t<\/div>\n\t\t<\/div>\n\t\t\t\t\t<\/div>\n\t\t<\/section>\n\t\t\t\t<section class=\"elementor-section elementor-inner-section elementor-element elementor-element-c293417 elementor-section-boxed elementor-section-height-default elementor-section-height-default\" data-id=\"c293417\" data-element_type=\"section\">\n\t\t\t\t\t\t<div class=\"elementor-container elementor-column-gap-default\">\n\t\t\t\t\t<div class=\"elementor-column elementor-col-50 elementor-inner-column elementor-element elementor-element-40570cb\" data-id=\"40570cb\" data-element_type=\"column\">\n\t\t\t<div class=\"elementor-widget-wrap elementor-element-populated\">\n\t\t\t\t\t\t<div class=\"elementor-element elementor-element-e89410d elementor-widget__width-auto elementor-widget elementor-widget-image\" data-id=\"e89410d\" data-element_type=\"widget\" data-widget_type=\"image.default\">\n\t\t\t\t<div class=\"elementor-widget-container\">\n\t\t\t\t\t\t\t\t\t\t\t\t\t\t\t<img loading=\"lazy\" decoding=\"async\" width=\"300\" height=\"160\" src=\"https:\/\/kintek.com.gt\/kineduka\/wp-content\/uploads\/2021\/03\/technology-298256_1280-300x160.jpg\" class=\"attachment-medium size-medium wp-image-548\" alt=\"Tecnico informatica\" srcset=\"https:\/\/kintek.com.gt\/kineduka\/wp-content\/uploads\/2021\/03\/technology-298256_1280-300x160.jpg 300w, https:\/\/kintek.com.gt\/kineduka\/wp-content\/uploads\/2021\/03\/technology-298256_1280-1024x546.jpg 1024w, https:\/\/kintek.com.gt\/kineduka\/wp-content\/uploads\/2021\/03\/technology-298256_1280-768x409.jpg 768w, https:\/\/kintek.com.gt\/kineduka\/wp-content\/uploads\/2021\/03\/technology-298256_1280-830x442.jpg 830w, https:\/\/kintek.com.gt\/kineduka\/wp-content\/uploads\/2021\/03\/technology-298256_1280-230x123.jpg 230w, https:\/\/kintek.com.gt\/kineduka\/wp-content\/uploads\/2021\/03\/technology-298256_1280-350x186.jpg 350w, https:\/\/kintek.com.gt\/kineduka\/wp-content\/uploads\/2021\/03\/technology-298256_1280-480x256.jpg 480w, https:\/\/kintek.com.gt\/kineduka\/wp-content\/uploads\/2021\/03\/technology-298256_1280.jpg 1280w\" sizes=\"(max-width: 300px) 100vw, 300px\" \/>\t\t\t\t\t\t\t\t\t\t\t\t\t\t\t<\/div>\n\t\t\t\t<\/div>\n\t\t\t\t\t<\/div>\n\t\t<\/div>\n\t\t\t\t<div class=\"elementor-column elementor-col-50 elementor-inner-column elementor-element elementor-element-f11fa0b\" data-id=\"f11fa0b\" data-element_type=\"column\">\n\t\t\t<div class=\"elementor-widget-wrap elementor-element-populated\">\n\t\t\t\t\t\t<div class=\"elementor-element elementor-element-fbbcdbc elementor-widget elementor-widget-heading\" data-id=\"fbbcdbc\" data-element_type=\"widget\" data-widget_type=\"heading.default\">\n\t\t\t\t<div class=\"elementor-widget-container\">\n\t\t\t\t\t<h2 class=\"elementor-heading-title elementor-size-default\">T\u00e9cnico en Sistemas Inform\u00e1ticos <\/h2>\t\t\t\t<\/div>\n\t\t\t\t<\/div>\n\t\t\t\t<div class=\"elementor-element elementor-element-42a52c9 elementor-widget elementor-widget-text-editor\" data-id=\"42a52c9\" data-element_type=\"widget\" data-widget_type=\"text-editor.default\">\n\t\t\t\t<div class=\"elementor-widget-container\">\n\t\t\t\t\t\t\t\t\t<p>El\u00a0Diplomado T\u00e9cnico en Sistemas Inform\u00e1ticos\u00a0se enfoca en el desarrollo de competencias t\u00e9cnico-profesionales relacionadas con las tecnolog\u00edas de la informaci\u00f3n.<\/p><p>Las competencias de \u00e9ste diplomado est\u00e1n basadas en est\u00e1ndares internacionales tomando en cuenta las mejores pr\u00e1cticas del sector de TI.<\/p>\t\t\t\t\t\t\t\t<\/div>\n\t\t\t\t<\/div>\n\t\t\t\t\t<\/div>\n\t\t<\/div>\n\t\t\t\t\t<\/div>\n\t\t<\/section>\n\t\t\t\t<section class=\"elementor-section elementor-inner-section elementor-element elementor-element-cb0f112 elementor-section-boxed elementor-section-height-default elementor-section-height-default\" data-id=\"cb0f112\" data-element_type=\"section\">\n\t\t\t\t\t\t<div class=\"elementor-container elementor-column-gap-default\">\n\t\t\t\t\t<div class=\"elementor-column elementor-col-50 elementor-inner-column elementor-element elementor-element-957670a\" data-id=\"957670a\" data-element_type=\"column\">\n\t\t\t<div class=\"elementor-widget-wrap elementor-element-populated\">\n\t\t\t\t\t\t<div class=\"elementor-element elementor-element-0387dcb elementor-widget__width-auto elementor-widget elementor-widget-image\" data-id=\"0387dcb\" data-element_type=\"widget\" data-widget_type=\"image.default\">\n\t\t\t\t<div class=\"elementor-widget-container\">\n\t\t\t\t\t\t\t\t\t\t\t\t\t\t\t<img loading=\"lazy\" decoding=\"async\" width=\"300\" height=\"200\" src=\"https:\/\/kintek.com.gt\/kineduka\/wp-content\/uploads\/2021\/03\/video-conference-5162927_1920-300x200.jpg\" class=\"attachment-medium size-medium wp-image-543\" alt=\"online\" srcset=\"https:\/\/kintek.com.gt\/kineduka\/wp-content\/uploads\/2021\/03\/video-conference-5162927_1920-300x200.jpg 300w, https:\/\/kintek.com.gt\/kineduka\/wp-content\/uploads\/2021\/03\/video-conference-5162927_1920-1024x683.jpg 1024w, https:\/\/kintek.com.gt\/kineduka\/wp-content\/uploads\/2021\/03\/video-conference-5162927_1920-768x512.jpg 768w, https:\/\/kintek.com.gt\/kineduka\/wp-content\/uploads\/2021\/03\/video-conference-5162927_1920-1536x1024.jpg 1536w, https:\/\/kintek.com.gt\/kineduka\/wp-content\/uploads\/2021\/03\/video-conference-5162927_1920-830x553.jpg 830w, https:\/\/kintek.com.gt\/kineduka\/wp-content\/uploads\/2021\/03\/video-conference-5162927_1920-230x153.jpg 230w, https:\/\/kintek.com.gt\/kineduka\/wp-content\/uploads\/2021\/03\/video-conference-5162927_1920-350x233.jpg 350w, https:\/\/kintek.com.gt\/kineduka\/wp-content\/uploads\/2021\/03\/video-conference-5162927_1920-480x320.jpg 480w, https:\/\/kintek.com.gt\/kineduka\/wp-content\/uploads\/2021\/03\/video-conference-5162927_1920.jpg 1920w\" sizes=\"(max-width: 300px) 100vw, 300px\" \/>\t\t\t\t\t\t\t\t\t\t\t\t\t\t\t<\/div>\n\t\t\t\t<\/div>\n\t\t\t\t\t<\/div>\n\t\t<\/div>\n\t\t\t\t<div class=\"elementor-column elementor-col-50 elementor-inner-column elementor-element elementor-element-498df3b\" data-id=\"498df3b\" data-element_type=\"column\">\n\t\t\t<div class=\"elementor-widget-wrap elementor-element-populated\">\n\t\t\t\t\t\t<div class=\"elementor-element elementor-element-4a59f60 elementor-widget elementor-widget-heading\" data-id=\"4a59f60\" data-element_type=\"widget\" data-widget_type=\"heading.default\">\n\t\t\t\t<div class=\"elementor-widget-container\">\n\t\t\t\t\t<h2 class=\"elementor-heading-title elementor-size-default\">Competencias Digitales Docentes<\/h2>\t\t\t\t<\/div>\n\t\t\t\t<\/div>\n\t\t\t\t<div class=\"elementor-element elementor-element-f94383f elementor-widget elementor-widget-text-editor\" data-id=\"f94383f\" data-element_type=\"widget\" data-widget_type=\"text-editor.default\">\n\t\t\t\t<div class=\"elementor-widget-container\">\n\t\t\t\t\t\t\t\t\t<p>El Diplomado en Competencias Digitales Docentes prepara al egresado para que el proceso <br \/>ense\u00f1anza &#8211; aprendizaje cubra las nuevas necesidades educativas actuales, el cual tiene la necesidad de reemplazar las metodolog\u00edas tradicionales por nuevos esquemas pedag\u00f3gicos que incluyan a las TIC.<\/p>\t\t\t\t\t\t\t\t<\/div>\n\t\t\t\t<\/div>\n\t\t\t\t\t<\/div>\n\t\t<\/div>\n\t\t\t\t\t<\/div>\n\t\t<\/section>\n\t\t\t\t<section class=\"elementor-section elementor-inner-section elementor-element elementor-element-0c87c40 elementor-section-boxed elementor-section-height-default elementor-section-height-default\" data-id=\"0c87c40\" data-element_type=\"section\">\n\t\t\t\t\t\t<div class=\"elementor-container elementor-column-gap-default\">\n\t\t\t\t\t<div class=\"elementor-column elementor-col-50 elementor-inner-column elementor-element elementor-element-6f884c2\" data-id=\"6f884c2\" data-element_type=\"column\">\n\t\t\t<div class=\"elementor-widget-wrap elementor-element-populated\">\n\t\t\t\t\t\t<div class=\"elementor-element elementor-element-c6121f4 elementor-widget__width-auto elementor-widget elementor-widget-image\" data-id=\"c6121f4\" data-element_type=\"widget\" data-widget_type=\"image.default\">\n\t\t\t\t<div class=\"elementor-widget-container\">\n\t\t\t\t\t\t\t\t\t\t\t\t\t\t\t<img loading=\"lazy\" decoding=\"async\" width=\"300\" height=\"200\" src=\"https:\/\/kintek.com.gt\/kineduka\/wp-content\/uploads\/2021\/03\/video-conference-5162927_1920-300x200.jpg\" class=\"attachment-medium size-medium wp-image-543\" alt=\"online\" srcset=\"https:\/\/kintek.com.gt\/kineduka\/wp-content\/uploads\/2021\/03\/video-conference-5162927_1920-300x200.jpg 300w, https:\/\/kintek.com.gt\/kineduka\/wp-content\/uploads\/2021\/03\/video-conference-5162927_1920-1024x683.jpg 1024w, https:\/\/kintek.com.gt\/kineduka\/wp-content\/uploads\/2021\/03\/video-conference-5162927_1920-768x512.jpg 768w, https:\/\/kintek.com.gt\/kineduka\/wp-content\/uploads\/2021\/03\/video-conference-5162927_1920-1536x1024.jpg 1536w, https:\/\/kintek.com.gt\/kineduka\/wp-content\/uploads\/2021\/03\/video-conference-5162927_1920-830x553.jpg 830w, https:\/\/kintek.com.gt\/kineduka\/wp-content\/uploads\/2021\/03\/video-conference-5162927_1920-230x153.jpg 230w, https:\/\/kintek.com.gt\/kineduka\/wp-content\/uploads\/2021\/03\/video-conference-5162927_1920-350x233.jpg 350w, https:\/\/kintek.com.gt\/kineduka\/wp-content\/uploads\/2021\/03\/video-conference-5162927_1920-480x320.jpg 480w, https:\/\/kintek.com.gt\/kineduka\/wp-content\/uploads\/2021\/03\/video-conference-5162927_1920.jpg 1920w\" sizes=\"(max-width: 300px) 100vw, 300px\" \/>\t\t\t\t\t\t\t\t\t\t\t\t\t\t\t<\/div>\n\t\t\t\t<\/div>\n\t\t\t\t\t<\/div>\n\t\t<\/div>\n\t\t\t\t<div class=\"elementor-column elementor-col-50 elementor-inner-column elementor-element elementor-element-d51734f\" data-id=\"d51734f\" data-element_type=\"column\">\n\t\t\t<div class=\"elementor-widget-wrap elementor-element-populated\">\n\t\t\t\t\t\t<div class=\"elementor-element elementor-element-0b0ad03 elementor-widget elementor-widget-heading\" data-id=\"0b0ad03\" data-element_type=\"widget\" data-widget_type=\"heading.default\">\n\t\t\t\t<div class=\"elementor-widget-container\">\n\t\t\t\t\t<h2 class=\"elementor-heading-title elementor-size-default\">Herramientas Digitales para Docentes<\/h2>\t\t\t\t<\/div>\n\t\t\t\t<\/div>\n\t\t\t\t<div class=\"elementor-element elementor-element-34b3e1d elementor-widget elementor-widget-text-editor\" data-id=\"34b3e1d\" data-element_type=\"widget\" data-widget_type=\"text-editor.default\">\n\t\t\t\t<div class=\"elementor-widget-container\">\n\t\t\t\t\t\t\t\t\t<p>El Diplomado en Herramientas Digitales para Docentes, brinda al egresado de todas las herramientas necesarias para\u00a0 \u00a0reemplazar las metodolog\u00edas tradicionales por nuevos esquemas pedag\u00f3gicos actuales que utilizan a las TIC.<\/p>\t\t\t\t\t\t\t\t<\/div>\n\t\t\t\t<\/div>\n\t\t\t\t\t<\/div>\n\t\t<\/div>\n\t\t\t\t\t<\/div>\n\t\t<\/section>\n\t\t\t\t\t<\/div>\n\t\t<\/div>\n\t\t\t\t\t<\/div>\n\t\t<\/section>\n\t\t\t\t<\/div>\n\t\t","protected":false},"excerpt":{"rendered":"<p>DIPLOMADOS T\u00e9cnico en Energ\u00eda Solar Fotovoltaica Formaci\u00f3n de t\u00e9cnicos profesionales en el \u00e1rea de energ\u00edas renovables, que posean las capacidades necesarias para el manejo e implementaci\u00f3n de tecnolog\u00edas que generan electricidad por medio de sistemas solares fotovoltaicos, impactando positivamente al medio ambiente y a la econom\u00eda a trav\u00e9s del uso eficiente y ahorro de energ\u00eda [&hellip;]<\/p>\n","protected":false},"author":1,"featured_media":0,"parent":0,"menu_order":0,"comment_status":"closed","ping_status":"closed","template":"page-templates\/page_front-page.php","meta":{"footnotes":""},"class_list":["post-488","page","type-page","status-publish","hentry"],"_links":{"self":[{"href":"https:\/\/kintek.com.gt\/kineduka\/wp-json\/wp\/v2\/pages\/488","targetHints":{"allow":["GET"]}}],"collection":[{"href":"https:\/\/kintek.com.gt\/kineduka\/wp-json\/wp\/v2\/pages"}],"about":[{"href":"https:\/\/kintek.com.gt\/kineduka\/wp-json\/wp\/v2\/types\/page"}],"author":[{"embeddable":true,"href":"https:\/\/kintek.com.gt\/kineduka\/wp-json\/wp\/v2\/users\/1"}],"replies":[{"embeddable":true,"href":"https:\/\/kintek.com.gt\/kineduka\/wp-json\/wp\/v2\/comments?post=488"}],"version-history":[{"count":61,"href":"https:\/\/kintek.com.gt\/kineduka\/wp-json\/wp\/v2\/pages\/488\/revisions"}],"predecessor-version":[{"id":659,"href":"https:\/\/kintek.com.gt\/kineduka\/wp-json\/wp\/v2\/pages\/488\/revisions\/659"}],"wp:attachment":[{"href":"https:\/\/kintek.com.gt\/kineduka\/wp-json\/wp\/v2\/media?parent=488"}],"curies":[{"name":"wp","href":"https:\/\/api.w.org\/{rel}","templated":true}]}}