{"id":687,"date":"2021-03-13T05:53:26","date_gmt":"2021-03-13T05:53:26","guid":{"rendered":"http:\/\/kintek.com.gt\/kineduka\/?page_id=687"},"modified":"2021-03-13T06:05:56","modified_gmt":"2021-03-13T06:05:56","slug":"talleres","status":"publish","type":"page","link":"https:\/\/kintek.com.gt\/kineduka\/talleres\/","title":{"rendered":"talleres"},"content":{"rendered":"\t\t<div data-elementor-type=\"wp-page\" data-elementor-id=\"687\" class=\"elementor elementor-687\">\n\t\t\t\t\t\t<section class=\"elementor-section elementor-top-section elementor-element elementor-element-ca0fdb5 elementor-section-boxed elementor-section-height-default elementor-section-height-default\" data-id=\"ca0fdb5\" data-element_type=\"section\">\n\t\t\t\t\t\t<div class=\"elementor-container elementor-column-gap-default\">\n\t\t\t\t\t<div class=\"elementor-column elementor-col-100 elementor-top-column elementor-element elementor-element-071cf3e\" data-id=\"071cf3e\" data-element_type=\"column\">\n\t\t\t<div class=\"elementor-widget-wrap elementor-element-populated\">\n\t\t\t\t\t\t<div class=\"elementor-element elementor-element-00602b9 elementor-widget elementor-widget-spacer\" data-id=\"00602b9\" data-element_type=\"widget\" data-widget_type=\"spacer.default\">\n\t\t\t\t<div class=\"elementor-widget-container\">\n\t\t\t\t\t\t\t<div class=\"elementor-spacer\">\n\t\t\t<div class=\"elementor-spacer-inner\"><\/div>\n\t\t<\/div>\n\t\t\t\t\t\t<\/div>\n\t\t\t\t<\/div>\n\t\t\t\t<section class=\"elementor-section elementor-inner-section elementor-element elementor-element-bc32033 elementor-section-boxed elementor-section-height-default elementor-section-height-default\" data-id=\"bc32033\" data-element_type=\"section\">\n\t\t\t\t\t\t<div class=\"elementor-container elementor-column-gap-default\">\n\t\t\t\t\t<div class=\"elementor-column elementor-col-50 elementor-inner-column elementor-element elementor-element-b400326\" data-id=\"b400326\" data-element_type=\"column\">\n\t\t\t<div class=\"elementor-widget-wrap elementor-element-populated\">\n\t\t\t\t\t\t<div class=\"elementor-element elementor-element-c367a3c elementor-widget__width-auto elementor-widget elementor-widget-image\" data-id=\"c367a3c\" data-element_type=\"widget\" data-widget_type=\"image.default\">\n\t\t\t\t<div class=\"elementor-widget-container\">\n\t\t\t\t\t\t\t\t\t\t\t\t\t\t\t<img decoding=\"async\" width=\"150\" height=\"150\" src=\"https:\/\/kintek.com.gt\/kineduka\/wp-content\/uploads\/2021\/03\/TalleresKin-150x150.png\" class=\"attachment-thumbnail size-thumbnail wp-image-470\" alt=\"\" \/>\t\t\t\t\t\t\t\t\t\t\t\t\t\t\t<\/div>\n\t\t\t\t<\/div>\n\t\t\t\t\t<\/div>\n\t\t<\/div>\n\t\t\t\t<div class=\"elementor-column elementor-col-50 elementor-inner-column elementor-element elementor-element-5e1312a\" data-id=\"5e1312a\" data-element_type=\"column\">\n\t\t\t<div class=\"elementor-widget-wrap elementor-element-populated\">\n\t\t\t\t\t\t<div class=\"elementor-element elementor-element-c54e96e elementor-widget elementor-widget-spacer\" data-id=\"c54e96e\" data-element_type=\"widget\" data-widget_type=\"spacer.default\">\n\t\t\t\t<div class=\"elementor-widget-container\">\n\t\t\t\t\t\t\t<div class=\"elementor-spacer\">\n\t\t\t<div class=\"elementor-spacer-inner\"><\/div>\n\t\t<\/div>\n\t\t\t\t\t\t<\/div>\n\t\t\t\t<\/div>\n\t\t\t\t<div class=\"elementor-element elementor-element-c171bb8 elementor-widget elementor-widget-heading\" data-id=\"c171bb8\" data-element_type=\"widget\" data-widget_type=\"heading.default\">\n\t\t\t\t<div class=\"elementor-widget-container\">\n\t\t\t\t\t<h2 class=\"elementor-heading-title elementor-size-default\">TALLERES<\/h2>\t\t\t\t<\/div>\n\t\t\t\t<\/div>\n\t\t\t\t\t<\/div>\n\t\t<\/div>\n\t\t\t\t\t<\/div>\n\t\t<\/section>\n\t\t\t\t<div class=\"elementor-element elementor-element-150b29a elementor-widget-divider--view-line elementor-widget elementor-widget-divider\" data-id=\"150b29a\" data-element_type=\"widget\" data-widget_type=\"divider.default\">\n\t\t\t\t<div class=\"elementor-widget-container\">\n\t\t\t\t\t\t\t<div class=\"elementor-divider\">\n\t\t\t<span class=\"elementor-divider-separator\">\n\t\t\t\t\t\t<\/span>\n\t\t<\/div>\n\t\t\t\t\t\t<\/div>\n\t\t\t\t<\/div>\n\t\t\t\t\t<\/div>\n\t\t<\/div>\n\t\t\t\t\t<\/div>\n\t\t<\/section>\n\t\t\t\t<section class=\"elementor-section elementor-top-section elementor-element elementor-element-74b7496 elementor-section-boxed elementor-section-height-default elementor-section-height-default\" data-id=\"74b7496\" data-element_type=\"section\">\n\t\t\t\t\t\t<div class=\"elementor-container elementor-column-gap-default\">\n\t\t\t\t\t<div class=\"elementor-column elementor-col-100 elementor-top-column elementor-element elementor-element-67cd27c\" data-id=\"67cd27c\" data-element_type=\"column\">\n\t\t\t<div class=\"elementor-widget-wrap elementor-element-populated\">\n\t\t\t\t\t\t<section class=\"elementor-section elementor-inner-section elementor-element elementor-element-0ccad3b elementor-section-boxed elementor-section-height-default elementor-section-height-default\" data-id=\"0ccad3b\" data-element_type=\"section\">\n\t\t\t\t\t\t<div class=\"elementor-container elementor-column-gap-default\">\n\t\t\t\t\t<div class=\"elementor-column elementor-col-50 elementor-inner-column elementor-element elementor-element-0d1131c\" data-id=\"0d1131c\" data-element_type=\"column\">\n\t\t\t<div class=\"elementor-widget-wrap elementor-element-populated\">\n\t\t\t\t\t\t<div class=\"elementor-element elementor-element-88b8cd3 elementor-widget__width-auto elementor-widget elementor-widget-image\" data-id=\"88b8cd3\" data-element_type=\"widget\" data-widget_type=\"image.default\">\n\t\t\t\t<div class=\"elementor-widget-container\">\n\t\t\t\t\t\t\t\t\t\t\t\t\t\t\t<img fetchpriority=\"high\" decoding=\"async\" width=\"300\" height=\"200\" src=\"https:\/\/kintek.com.gt\/kineduka\/wp-content\/uploads\/2020\/12\/WhatsApp-Image-2020-10-23-at-12.12.04-PM-300x200.jpeg\" class=\"attachment-medium size-medium wp-image-215\" alt=\"diapositiva 1\" srcset=\"https:\/\/kintek.com.gt\/kineduka\/wp-content\/uploads\/2020\/12\/WhatsApp-Image-2020-10-23-at-12.12.04-PM-300x200.jpeg 300w, https:\/\/kintek.com.gt\/kineduka\/wp-content\/uploads\/2020\/12\/WhatsApp-Image-2020-10-23-at-12.12.04-PM-1024x682.jpeg 1024w, https:\/\/kintek.com.gt\/kineduka\/wp-content\/uploads\/2020\/12\/WhatsApp-Image-2020-10-23-at-12.12.04-PM-768x512.jpeg 768w, https:\/\/kintek.com.gt\/kineduka\/wp-content\/uploads\/2020\/12\/WhatsApp-Image-2020-10-23-at-12.12.04-PM-830x553.jpeg 830w, https:\/\/kintek.com.gt\/kineduka\/wp-content\/uploads\/2020\/12\/WhatsApp-Image-2020-10-23-at-12.12.04-PM-230x153.jpeg 230w, https:\/\/kintek.com.gt\/kineduka\/wp-content\/uploads\/2020\/12\/WhatsApp-Image-2020-10-23-at-12.12.04-PM-350x233.jpeg 350w, https:\/\/kintek.com.gt\/kineduka\/wp-content\/uploads\/2020\/12\/WhatsApp-Image-2020-10-23-at-12.12.04-PM-480x320.jpeg 480w, https:\/\/kintek.com.gt\/kineduka\/wp-content\/uploads\/2020\/12\/WhatsApp-Image-2020-10-23-at-12.12.04-PM.jpeg 1280w\" sizes=\"(max-width: 300px) 100vw, 300px\" \/>\t\t\t\t\t\t\t\t\t\t\t\t\t\t\t<\/div>\n\t\t\t\t<\/div>\n\t\t\t\t\t<\/div>\n\t\t<\/div>\n\t\t\t\t<div class=\"elementor-column elementor-col-50 elementor-inner-column elementor-element elementor-element-3339686\" data-id=\"3339686\" data-element_type=\"column\">\n\t\t\t<div class=\"elementor-widget-wrap elementor-element-populated\">\n\t\t\t\t\t\t<div class=\"elementor-element elementor-element-b94f513 elementor-widget elementor-widget-heading\" data-id=\"b94f513\" data-element_type=\"widget\" data-widget_type=\"heading.default\">\n\t\t\t\t<div class=\"elementor-widget-container\">\n\t\t\t\t\t<h2 class=\"elementor-heading-title elementor-size-default\">Energ\u00eda Solar Fotovoltaica Desconectado a red<\/h2>\t\t\t\t<\/div>\n\t\t\t\t<\/div>\n\t\t\t\t<div class=\"elementor-element elementor-element-1460393 elementor-widget elementor-widget-text-editor\" data-id=\"1460393\" data-element_type=\"widget\" data-widget_type=\"text-editor.default\">\n\t\t\t\t<div class=\"elementor-widget-container\">\n\t\t\t\t\t\t\t\t\t<p>Taller practico de implementaci\u00f3n de un sistema Fotovoltaico aut\u00f3nomo, en el cual aprender\u00e1n a dise\u00f1ar y conectar todos los elementos y equipos para la generaci\u00f3n de electricidad y el almacenamiento en bater\u00edas<\/p>\t\t\t\t\t\t\t\t<\/div>\n\t\t\t\t<\/div>\n\t\t\t\t\t<\/div>\n\t\t<\/div>\n\t\t\t\t\t<\/div>\n\t\t<\/section>\n\t\t\t\t<section class=\"elementor-section elementor-inner-section elementor-element elementor-element-9f1b83b elementor-section-boxed elementor-section-height-default elementor-section-height-default\" data-id=\"9f1b83b\" data-element_type=\"section\">\n\t\t\t\t\t\t<div class=\"elementor-container elementor-column-gap-default\">\n\t\t\t\t\t<div class=\"elementor-column elementor-col-50 elementor-inner-column elementor-element elementor-element-7e250f8\" data-id=\"7e250f8\" data-element_type=\"column\">\n\t\t\t<div class=\"elementor-widget-wrap elementor-element-populated\">\n\t\t\t\t\t\t<div class=\"elementor-element elementor-element-88937ed elementor-widget__width-auto elementor-widget elementor-widget-image\" data-id=\"88937ed\" data-element_type=\"widget\" data-widget_type=\"image.default\">\n\t\t\t\t<div class=\"elementor-widget-container\">\n\t\t\t\t\t\t\t\t\t\t\t\t\t\t\t<img fetchpriority=\"high\" decoding=\"async\" width=\"300\" height=\"200\" src=\"https:\/\/kintek.com.gt\/kineduka\/wp-content\/uploads\/2020\/12\/WhatsApp-Image-2020-10-23-at-12.12.04-PM-300x200.jpeg\" class=\"attachment-medium size-medium wp-image-215\" alt=\"diapositiva 1\" srcset=\"https:\/\/kintek.com.gt\/kineduka\/wp-content\/uploads\/2020\/12\/WhatsApp-Image-2020-10-23-at-12.12.04-PM-300x200.jpeg 300w, https:\/\/kintek.com.gt\/kineduka\/wp-content\/uploads\/2020\/12\/WhatsApp-Image-2020-10-23-at-12.12.04-PM-1024x682.jpeg 1024w, https:\/\/kintek.com.gt\/kineduka\/wp-content\/uploads\/2020\/12\/WhatsApp-Image-2020-10-23-at-12.12.04-PM-768x512.jpeg 768w, https:\/\/kintek.com.gt\/kineduka\/wp-content\/uploads\/2020\/12\/WhatsApp-Image-2020-10-23-at-12.12.04-PM-830x553.jpeg 830w, https:\/\/kintek.com.gt\/kineduka\/wp-content\/uploads\/2020\/12\/WhatsApp-Image-2020-10-23-at-12.12.04-PM-230x153.jpeg 230w, https:\/\/kintek.com.gt\/kineduka\/wp-content\/uploads\/2020\/12\/WhatsApp-Image-2020-10-23-at-12.12.04-PM-350x233.jpeg 350w, https:\/\/kintek.com.gt\/kineduka\/wp-content\/uploads\/2020\/12\/WhatsApp-Image-2020-10-23-at-12.12.04-PM-480x320.jpeg 480w, https:\/\/kintek.com.gt\/kineduka\/wp-content\/uploads\/2020\/12\/WhatsApp-Image-2020-10-23-at-12.12.04-PM.jpeg 1280w\" sizes=\"(max-width: 300px) 100vw, 300px\" \/>\t\t\t\t\t\t\t\t\t\t\t\t\t\t\t<\/div>\n\t\t\t\t<\/div>\n\t\t\t\t\t<\/div>\n\t\t<\/div>\n\t\t\t\t<div class=\"elementor-column elementor-col-50 elementor-inner-column elementor-element elementor-element-76be350\" data-id=\"76be350\" data-element_type=\"column\">\n\t\t\t<div class=\"elementor-widget-wrap elementor-element-populated\">\n\t\t\t\t\t\t<div class=\"elementor-element elementor-element-6b85b92 elementor-widget elementor-widget-heading\" data-id=\"6b85b92\" data-element_type=\"widget\" data-widget_type=\"heading.default\">\n\t\t\t\t<div class=\"elementor-widget-container\">\n\t\t\t\t\t<h2 class=\"elementor-heading-title elementor-size-default\">Energ\u00eda Solar Fotovoltaica Conectado a red<\/h2>\t\t\t\t<\/div>\n\t\t\t\t<\/div>\n\t\t\t\t<div class=\"elementor-element elementor-element-3af2ec4 elementor-widget elementor-widget-text-editor\" data-id=\"3af2ec4\" data-element_type=\"widget\" data-widget_type=\"text-editor.default\">\n\t\t\t\t<div class=\"elementor-widget-container\">\n\t\t\t\t\t\t\t\t\t<p>Taller practico de implementaci\u00f3n de un sistema Fotovoltaico conectado a la red, en el cual aprender\u00e1n a dise\u00f1ar y conectar todos los elementos y equipos para la inyecci\u00f3n de energ\u00eda solar a residencias y comercios peque\u00f1os<\/p>\t\t\t\t\t\t\t\t<\/div>\n\t\t\t\t<\/div>\n\t\t\t\t\t<\/div>\n\t\t<\/div>\n\t\t\t\t\t<\/div>\n\t\t<\/section>\n\t\t\t\t<section class=\"elementor-section elementor-inner-section elementor-element elementor-element-c293417 elementor-section-boxed elementor-section-height-default elementor-section-height-default\" data-id=\"c293417\" data-element_type=\"section\">\n\t\t\t\t\t\t<div class=\"elementor-container elementor-column-gap-default\">\n\t\t\t\t\t<div class=\"elementor-column elementor-col-50 elementor-inner-column elementor-element elementor-element-40570cb\" data-id=\"40570cb\" data-element_type=\"column\">\n\t\t\t<div class=\"elementor-widget-wrap elementor-element-populated\">\n\t\t\t\t\t\t<div class=\"elementor-element elementor-element-e89410d elementor-widget__width-auto elementor-widget elementor-widget-image\" data-id=\"e89410d\" data-element_type=\"widget\" data-widget_type=\"image.default\">\n\t\t\t\t<div class=\"elementor-widget-container\">\n\t\t\t\t\t\t\t\t\t\t\t\t\t\t\t<img decoding=\"async\" width=\"300\" height=\"200\" src=\"https:\/\/kintek.com.gt\/kineduka\/wp-content\/uploads\/2021\/03\/computer-1185626_1280-300x200.jpg\" class=\"attachment-medium size-medium wp-image-594\" alt=\"\" srcset=\"https:\/\/kintek.com.gt\/kineduka\/wp-content\/uploads\/2021\/03\/computer-1185626_1280-300x200.jpg 300w, https:\/\/kintek.com.gt\/kineduka\/wp-content\/uploads\/2021\/03\/computer-1185626_1280-1024x682.jpg 1024w, https:\/\/kintek.com.gt\/kineduka\/wp-content\/uploads\/2021\/03\/computer-1185626_1280-768x512.jpg 768w, https:\/\/kintek.com.gt\/kineduka\/wp-content\/uploads\/2021\/03\/computer-1185626_1280-830x553.jpg 830w, https:\/\/kintek.com.gt\/kineduka\/wp-content\/uploads\/2021\/03\/computer-1185626_1280-230x153.jpg 230w, https:\/\/kintek.com.gt\/kineduka\/wp-content\/uploads\/2021\/03\/computer-1185626_1280-350x233.jpg 350w, https:\/\/kintek.com.gt\/kineduka\/wp-content\/uploads\/2021\/03\/computer-1185626_1280-480x320.jpg 480w, https:\/\/kintek.com.gt\/kineduka\/wp-content\/uploads\/2021\/03\/computer-1185626_1280.jpg 1280w\" sizes=\"(max-width: 300px) 100vw, 300px\" \/>\t\t\t\t\t\t\t\t\t\t\t\t\t\t\t<\/div>\n\t\t\t\t<\/div>\n\t\t\t\t\t<\/div>\n\t\t<\/div>\n\t\t\t\t<div class=\"elementor-column elementor-col-50 elementor-inner-column elementor-element elementor-element-f11fa0b\" data-id=\"f11fa0b\" data-element_type=\"column\">\n\t\t\t<div class=\"elementor-widget-wrap elementor-element-populated\">\n\t\t\t\t\t\t<div class=\"elementor-element elementor-element-fbbcdbc elementor-widget elementor-widget-heading\" data-id=\"fbbcdbc\" data-element_type=\"widget\" data-widget_type=\"heading.default\">\n\t\t\t\t<div class=\"elementor-widget-container\">\n\t\t\t\t\t<h2 class=\"elementor-heading-title elementor-size-default\">Herramientas Digitales para Docentes: Evaluaciones<\/h2>\t\t\t\t<\/div>\n\t\t\t\t<\/div>\n\t\t\t\t<div class=\"elementor-element elementor-element-42a52c9 elementor-widget elementor-widget-text-editor\" data-id=\"42a52c9\" data-element_type=\"widget\" data-widget_type=\"text-editor.default\">\n\t\t\t\t<div class=\"elementor-widget-container\">\n\t\t\t\t\t\t\t\t\t<p>Taller practico donde aprender\u00e1s a evaluar por medio de las herramientas interactiva<br \/>Quizizz y Kahoot, con la cual podr\u00e1s crear evaluaciones formativas, efectivas y entretenidas<\/p>\t\t\t\t\t\t\t\t<\/div>\n\t\t\t\t<\/div>\n\t\t\t\t\t<\/div>\n\t\t<\/div>\n\t\t\t\t\t<\/div>\n\t\t<\/section>\n\t\t\t\t\t<\/div>\n\t\t<\/div>\n\t\t\t\t\t<\/div>\n\t\t<\/section>\n\t\t\t\t<\/div>\n\t\t","protected":false},"excerpt":{"rendered":"<p>TALLERES Energ\u00eda Solar Fotovoltaica Desconectado a red Taller practico de implementaci\u00f3n de un sistema Fotovoltaico aut\u00f3nomo, en el cual aprender\u00e1n a dise\u00f1ar y conectar todos los elementos y equipos para la generaci\u00f3n de electricidad y el almacenamiento en bater\u00edas Energ\u00eda Solar Fotovoltaica Conectado a red Taller practico de implementaci\u00f3n de un sistema Fotovoltaico conectado a [&hellip;]<\/p>\n","protected":false},"author":1,"featured_media":0,"parent":0,"menu_order":0,"comment_status":"closed","ping_status":"closed","template":"page-templates\/page_front-page.php","meta":{"footnotes":""},"class_list":["post-687","page","type-page","status-publish","hentry"],"_links":{"self":[{"href":"https:\/\/kintek.com.gt\/kineduka\/wp-json\/wp\/v2\/pages\/687","targetHints":{"allow":["GET"]}}],"collection":[{"href":"https:\/\/kintek.com.gt\/kineduka\/wp-json\/wp\/v2\/pages"}],"about":[{"href":"https:\/\/kintek.com.gt\/kineduka\/wp-json\/wp\/v2\/types\/page"}],"author":[{"embeddable":true,"href":"https:\/\/kintek.com.gt\/kineduka\/wp-json\/wp\/v2\/users\/1"}],"replies":[{"embeddable":true,"href":"https:\/\/kintek.com.gt\/kineduka\/wp-json\/wp\/v2\/comments?post=687"}],"version-history":[{"count":16,"href":"https:\/\/kintek.com.gt\/kineduka\/wp-json\/wp\/v2\/pages\/687\/revisions"}],"predecessor-version":[{"id":706,"href":"https:\/\/kintek.com.gt\/kineduka\/wp-json\/wp\/v2\/pages\/687\/revisions\/706"}],"wp:attachment":[{"href":"https:\/\/kintek.com.gt\/kineduka\/wp-json\/wp\/v2\/media?parent=687"}],"curies":[{"name":"wp","href":"https:\/\/api.w.org\/{rel}","templated":true}]}}