{"id":710,"date":"2021-03-13T06:08:26","date_gmt":"2021-03-13T06:08:26","guid":{"rendered":"http:\/\/kintek.com.gt\/kineduka\/?page_id=710"},"modified":"2021-03-13T06:15:09","modified_gmt":"2021-03-13T06:15:09","slug":"tecnico-universitario","status":"publish","type":"page","link":"https:\/\/kintek.com.gt\/kineduka\/tecnico-universitario\/","title":{"rendered":"tecnico-universitario"},"content":{"rendered":"\t\t<div data-elementor-type=\"wp-page\" data-elementor-id=\"710\" class=\"elementor elementor-710\">\n\t\t\t\t\t\t<section class=\"elementor-section elementor-top-section elementor-element elementor-element-ca0fdb5 elementor-section-boxed elementor-section-height-default elementor-section-height-default\" data-id=\"ca0fdb5\" data-element_type=\"section\">\n\t\t\t\t\t\t<div class=\"elementor-container elementor-column-gap-default\">\n\t\t\t\t\t<div class=\"elementor-column elementor-col-100 elementor-top-column elementor-element elementor-element-071cf3e\" data-id=\"071cf3e\" data-element_type=\"column\">\n\t\t\t<div class=\"elementor-widget-wrap elementor-element-populated\">\n\t\t\t\t\t\t<div class=\"elementor-element elementor-element-00602b9 elementor-widget elementor-widget-spacer\" data-id=\"00602b9\" data-element_type=\"widget\" data-widget_type=\"spacer.default\">\n\t\t\t\t<div class=\"elementor-widget-container\">\n\t\t\t\t\t\t\t<div class=\"elementor-spacer\">\n\t\t\t<div class=\"elementor-spacer-inner\"><\/div>\n\t\t<\/div>\n\t\t\t\t\t\t<\/div>\n\t\t\t\t<\/div>\n\t\t\t\t<section class=\"elementor-section elementor-inner-section elementor-element elementor-element-bc32033 elementor-section-boxed elementor-section-height-default elementor-section-height-default\" data-id=\"bc32033\" data-element_type=\"section\">\n\t\t\t\t\t\t<div class=\"elementor-container elementor-column-gap-default\">\n\t\t\t\t\t<div class=\"elementor-column elementor-col-50 elementor-inner-column elementor-element elementor-element-b400326\" data-id=\"b400326\" data-element_type=\"column\">\n\t\t\t<div class=\"elementor-widget-wrap elementor-element-populated\">\n\t\t\t\t\t\t<div class=\"elementor-element elementor-element-c367a3c elementor-widget__width-auto elementor-widget elementor-widget-image\" data-id=\"c367a3c\" data-element_type=\"widget\" data-widget_type=\"image.default\">\n\t\t\t\t<div class=\"elementor-widget-container\">\n\t\t\t\t\t\t\t\t\t\t\t\t\t\t\t<img decoding=\"async\" width=\"150\" height=\"150\" src=\"https:\/\/kintek.com.gt\/kineduka\/wp-content\/uploads\/2021\/03\/DiplomadoUK2-150x150.png\" class=\"attachment-thumbnail size-thumbnail wp-image-484\" alt=\"tecnico universitario\" srcset=\"https:\/\/kintek.com.gt\/kineduka\/wp-content\/uploads\/2021\/03\/DiplomadoUK2-150x150.png 150w, https:\/\/kintek.com.gt\/kineduka\/wp-content\/uploads\/2021\/03\/DiplomadoUK2-300x300.png 300w, https:\/\/kintek.com.gt\/kineduka\/wp-content\/uploads\/2021\/03\/DiplomadoUK2-230x230.png 230w, https:\/\/kintek.com.gt\/kineduka\/wp-content\/uploads\/2021\/03\/DiplomadoUK2-350x350.png 350w, https:\/\/kintek.com.gt\/kineduka\/wp-content\/uploads\/2021\/03\/DiplomadoUK2-480x480.png 480w, https:\/\/kintek.com.gt\/kineduka\/wp-content\/uploads\/2021\/03\/DiplomadoUK2.png 512w\" sizes=\"(max-width: 150px) 100vw, 150px\" \/>\t\t\t\t\t\t\t\t\t\t\t\t\t\t\t<\/div>\n\t\t\t\t<\/div>\n\t\t\t\t\t<\/div>\n\t\t<\/div>\n\t\t\t\t<div class=\"elementor-column elementor-col-50 elementor-inner-column elementor-element elementor-element-5e1312a\" data-id=\"5e1312a\" data-element_type=\"column\">\n\t\t\t<div class=\"elementor-widget-wrap elementor-element-populated\">\n\t\t\t\t\t\t<div class=\"elementor-element elementor-element-c54e96e elementor-widget elementor-widget-spacer\" data-id=\"c54e96e\" data-element_type=\"widget\" data-widget_type=\"spacer.default\">\n\t\t\t\t<div class=\"elementor-widget-container\">\n\t\t\t\t\t\t\t<div class=\"elementor-spacer\">\n\t\t\t<div class=\"elementor-spacer-inner\"><\/div>\n\t\t<\/div>\n\t\t\t\t\t\t<\/div>\n\t\t\t\t<\/div>\n\t\t\t\t<div class=\"elementor-element elementor-element-c171bb8 elementor-widget elementor-widget-heading\" data-id=\"c171bb8\" data-element_type=\"widget\" data-widget_type=\"heading.default\">\n\t\t\t\t<div class=\"elementor-widget-container\">\n\t\t\t\t\t<h2 class=\"elementor-heading-title elementor-size-default\">T\u00c9CNICO UNIVERSITARIO<\/h2>\t\t\t\t<\/div>\n\t\t\t\t<\/div>\n\t\t\t\t\t<\/div>\n\t\t<\/div>\n\t\t\t\t\t<\/div>\n\t\t<\/section>\n\t\t\t\t<div class=\"elementor-element elementor-element-150b29a elementor-widget-divider--view-line elementor-widget elementor-widget-divider\" data-id=\"150b29a\" data-element_type=\"widget\" data-widget_type=\"divider.default\">\n\t\t\t\t<div class=\"elementor-widget-container\">\n\t\t\t\t\t\t\t<div class=\"elementor-divider\">\n\t\t\t<span class=\"elementor-divider-separator\">\n\t\t\t\t\t\t<\/span>\n\t\t<\/div>\n\t\t\t\t\t\t<\/div>\n\t\t\t\t<\/div>\n\t\t\t\t\t<\/div>\n\t\t<\/div>\n\t\t\t\t\t<\/div>\n\t\t<\/section>\n\t\t\t\t<section class=\"elementor-section elementor-top-section elementor-element elementor-element-74b7496 elementor-section-boxed elementor-section-height-default elementor-section-height-default\" data-id=\"74b7496\" data-element_type=\"section\">\n\t\t\t\t\t\t<div class=\"elementor-container elementor-column-gap-default\">\n\t\t\t\t\t<div class=\"elementor-column elementor-col-100 elementor-top-column elementor-element elementor-element-67cd27c\" data-id=\"67cd27c\" data-element_type=\"column\">\n\t\t\t<div class=\"elementor-widget-wrap elementor-element-populated\">\n\t\t\t\t\t\t<section class=\"elementor-section elementor-inner-section elementor-element elementor-element-0ccad3b elementor-section-boxed elementor-section-height-default elementor-section-height-default\" data-id=\"0ccad3b\" data-element_type=\"section\">\n\t\t\t\t\t\t<div class=\"elementor-container elementor-column-gap-default\">\n\t\t\t\t\t<div class=\"elementor-column elementor-col-50 elementor-inner-column elementor-element elementor-element-0d1131c\" data-id=\"0d1131c\" data-element_type=\"column\">\n\t\t\t<div class=\"elementor-widget-wrap elementor-element-populated\">\n\t\t\t\t\t\t<div class=\"elementor-element elementor-element-88b8cd3 elementor-widget__width-auto elementor-widget elementor-widget-image\" data-id=\"88b8cd3\" data-element_type=\"widget\" data-widget_type=\"image.default\">\n\t\t\t\t<div class=\"elementor-widget-container\">\n\t\t\t\t\t\t\t\t\t\t\t\t\t\t\t<img fetchpriority=\"high\" decoding=\"async\" width=\"300\" height=\"200\" src=\"https:\/\/kintek.com.gt\/kineduka\/wp-content\/uploads\/2020\/12\/WhatsApp-Image-2020-10-23-at-12.12.04-PM-300x200.jpeg\" class=\"attachment-medium size-medium wp-image-215\" alt=\"diapositiva 1\" srcset=\"https:\/\/kintek.com.gt\/kineduka\/wp-content\/uploads\/2020\/12\/WhatsApp-Image-2020-10-23-at-12.12.04-PM-300x200.jpeg 300w, https:\/\/kintek.com.gt\/kineduka\/wp-content\/uploads\/2020\/12\/WhatsApp-Image-2020-10-23-at-12.12.04-PM-1024x682.jpeg 1024w, https:\/\/kintek.com.gt\/kineduka\/wp-content\/uploads\/2020\/12\/WhatsApp-Image-2020-10-23-at-12.12.04-PM-768x512.jpeg 768w, https:\/\/kintek.com.gt\/kineduka\/wp-content\/uploads\/2020\/12\/WhatsApp-Image-2020-10-23-at-12.12.04-PM-830x553.jpeg 830w, https:\/\/kintek.com.gt\/kineduka\/wp-content\/uploads\/2020\/12\/WhatsApp-Image-2020-10-23-at-12.12.04-PM-230x153.jpeg 230w, https:\/\/kintek.com.gt\/kineduka\/wp-content\/uploads\/2020\/12\/WhatsApp-Image-2020-10-23-at-12.12.04-PM-350x233.jpeg 350w, https:\/\/kintek.com.gt\/kineduka\/wp-content\/uploads\/2020\/12\/WhatsApp-Image-2020-10-23-at-12.12.04-PM-480x320.jpeg 480w, https:\/\/kintek.com.gt\/kineduka\/wp-content\/uploads\/2020\/12\/WhatsApp-Image-2020-10-23-at-12.12.04-PM.jpeg 1280w\" sizes=\"(max-width: 300px) 100vw, 300px\" \/>\t\t\t\t\t\t\t\t\t\t\t\t\t\t\t<\/div>\n\t\t\t\t<\/div>\n\t\t\t\t\t<\/div>\n\t\t<\/div>\n\t\t\t\t<div class=\"elementor-column elementor-col-50 elementor-inner-column elementor-element elementor-element-3339686\" data-id=\"3339686\" data-element_type=\"column\">\n\t\t\t<div class=\"elementor-widget-wrap elementor-element-populated\">\n\t\t\t\t\t\t<div class=\"elementor-element elementor-element-b94f513 elementor-widget elementor-widget-heading\" data-id=\"b94f513\" data-element_type=\"widget\" data-widget_type=\"heading.default\">\n\t\t\t\t<div class=\"elementor-widget-container\">\n\t\t\t\t\t<h2 class=\"elementor-heading-title elementor-size-default\">T\u00e9cnico Universitario en Energ\u00eda Solar Fotovoltaica <\/h2>\t\t\t\t<\/div>\n\t\t\t\t<\/div>\n\t\t\t\t<div class=\"elementor-element elementor-element-1460393 elementor-widget elementor-widget-text-editor\" data-id=\"1460393\" data-element_type=\"widget\" data-widget_type=\"text-editor.default\">\n\t\t\t\t<div class=\"elementor-widget-container\">\n\t\t\t\t\t\t\t\t\t<p>\u00c9sta carrera universitaria tiene como objetivo formar t\u00e9cnicos profesionales en el \u00e1rea de energ\u00edas renovables, que posean las capacidades necesarias para el manejo e implementaci\u00f3n de tecnolog\u00edas que generan electricidad por medio de sistemas solares fotovoltaicos, impactando positivamente al medio ambiente y a la econom\u00eda a trav\u00e9s del uso eficiente y ahorro de energ\u00eda.<\/p><p>La carrera t\u00e9cnica universitaria funciona con alianza de la Universidad de Occcidente UDEO, extensi\u00f3n Coatepeque<\/p>\t\t\t\t\t\t\t\t<\/div>\n\t\t\t\t<\/div>\n\t\t\t\t\t<\/div>\n\t\t<\/div>\n\t\t\t\t\t<\/div>\n\t\t<\/section>\n\t\t\t\t\t<\/div>\n\t\t<\/div>\n\t\t\t\t\t<\/div>\n\t\t<\/section>\n\t\t\t\t<\/div>\n\t\t","protected":false},"excerpt":{"rendered":"<p>T\u00c9CNICO UNIVERSITARIO T\u00e9cnico Universitario en Energ\u00eda Solar Fotovoltaica \u00c9sta carrera universitaria tiene como objetivo formar t\u00e9cnicos profesionales en el \u00e1rea de energ\u00edas renovables, que posean las capacidades necesarias para el manejo e implementaci\u00f3n de tecnolog\u00edas que generan electricidad por medio de sistemas solares fotovoltaicos, impactando positivamente al medio ambiente y a la econom\u00eda a trav\u00e9s [&hellip;]<\/p>\n","protected":false},"author":1,"featured_media":0,"parent":0,"menu_order":0,"comment_status":"closed","ping_status":"closed","template":"page-templates\/page_front-page.php","meta":{"footnotes":""},"class_list":["post-710","page","type-page","status-publish","hentry"],"_links":{"self":[{"href":"https:\/\/kintek.com.gt\/kineduka\/wp-json\/wp\/v2\/pages\/710","targetHints":{"allow":["GET"]}}],"collection":[{"href":"https:\/\/kintek.com.gt\/kineduka\/wp-json\/wp\/v2\/pages"}],"about":[{"href":"https:\/\/kintek.com.gt\/kineduka\/wp-json\/wp\/v2\/types\/page"}],"author":[{"embeddable":true,"href":"https:\/\/kintek.com.gt\/kineduka\/wp-json\/wp\/v2\/users\/1"}],"replies":[{"embeddable":true,"href":"https:\/\/kintek.com.gt\/kineduka\/wp-json\/wp\/v2\/comments?post=710"}],"version-history":[{"count":10,"href":"https:\/\/kintek.com.gt\/kineduka\/wp-json\/wp\/v2\/pages\/710\/revisions"}],"predecessor-version":[{"id":723,"href":"https:\/\/kintek.com.gt\/kineduka\/wp-json\/wp\/v2\/pages\/710\/revisions\/723"}],"wp:attachment":[{"href":"https:\/\/kintek.com.gt\/kineduka\/wp-json\/wp\/v2\/media?parent=710"}],"curies":[{"name":"wp","href":"https:\/\/api.w.org\/{rel}","templated":true}]}}