{"id":728,"date":"2021-03-13T06:23:57","date_gmt":"2021-03-13T06:23:57","guid":{"rendered":"http:\/\/kintek.com.gt\/kineduka\/?page_id=728"},"modified":"2021-03-13T06:40:55","modified_gmt":"2021-03-13T06:40:55","slug":"cursos-por-areas","status":"publish","type":"page","link":"https:\/\/kintek.com.gt\/kineduka\/cursos-por-areas\/","title":{"rendered":"Cursos por areas"},"content":{"rendered":"\t\t<div data-elementor-type=\"wp-page\" data-elementor-id=\"728\" class=\"elementor elementor-728\">\n\t\t\t\t\t\t<section class=\"elementor-section elementor-top-section elementor-element elementor-element-2a99231 elementor-section-boxed elementor-section-height-default elementor-section-height-default\" data-id=\"2a99231\" data-element_type=\"section\">\n\t\t\t\t\t\t<div class=\"elementor-container elementor-column-gap-default\">\n\t\t\t\t\t<div class=\"elementor-column elementor-col-100 elementor-top-column elementor-element elementor-element-50eaae1\" data-id=\"50eaae1\" data-element_type=\"column\">\n\t\t\t<div class=\"elementor-widget-wrap elementor-element-populated\">\n\t\t\t\t\t\t<div class=\"elementor-element elementor-element-7455b21 elementor-widget elementor-widget-spacer\" data-id=\"7455b21\" data-element_type=\"widget\" data-widget_type=\"spacer.default\">\n\t\t\t\t<div class=\"elementor-widget-container\">\n\t\t\t\t\t\t\t<div class=\"elementor-spacer\">\n\t\t\t<div class=\"elementor-spacer-inner\"><\/div>\n\t\t<\/div>\n\t\t\t\t\t\t<\/div>\n\t\t\t\t<\/div>\n\t\t\t\t<div class=\"elementor-element elementor-element-bd40113 elementor-widget elementor-widget-heading\" data-id=\"bd40113\" data-element_type=\"widget\" data-widget_type=\"heading.default\">\n\t\t\t\t<div class=\"elementor-widget-container\">\n\t\t\t\t\t<h2 class=\"elementor-heading-title elementor-size-default\">Formaci\u00f3n por \u00e1reas<\/h2>\t\t\t\t<\/div>\n\t\t\t\t<\/div>\n\t\t\t\t<div class=\"elementor-element elementor-element-eaf6735 elementor-widget-divider--view-line elementor-widget elementor-widget-divider\" data-id=\"eaf6735\" data-element_type=\"widget\" data-widget_type=\"divider.default\">\n\t\t\t\t<div class=\"elementor-widget-container\">\n\t\t\t\t\t\t\t<div class=\"elementor-divider\">\n\t\t\t<span class=\"elementor-divider-separator\">\n\t\t\t\t\t\t<\/span>\n\t\t<\/div>\n\t\t\t\t\t\t<\/div>\n\t\t\t\t<\/div>\n\t\t\t\t<div class=\"elementor-element elementor-element-fad8ba6 elementor-widget elementor-widget-spacer\" data-id=\"fad8ba6\" data-element_type=\"widget\" data-widget_type=\"spacer.default\">\n\t\t\t\t<div class=\"elementor-widget-container\">\n\t\t\t\t\t\t\t<div class=\"elementor-spacer\">\n\t\t\t<div class=\"elementor-spacer-inner\"><\/div>\n\t\t<\/div>\n\t\t\t\t\t\t<\/div>\n\t\t\t\t<\/div>\n\t\t\t\t<section class=\"elementor-section elementor-inner-section elementor-element elementor-element-8df2569 elementor-section-boxed elementor-section-height-default elementor-section-height-default\" data-id=\"8df2569\" data-element_type=\"section\">\n\t\t\t\t\t\t<div class=\"elementor-container elementor-column-gap-default\">\n\t\t\t\t\t<div class=\"elementor-column elementor-col-50 elementor-inner-column elementor-element elementor-element-ca56755\" data-id=\"ca56755\" data-element_type=\"column\">\n\t\t\t<div class=\"elementor-widget-wrap elementor-element-populated\">\n\t\t\t\t\t\t<div class=\"elementor-element elementor-element-6039c04 elementor-invisible elementor-widget elementor-widget-image\" data-id=\"6039c04\" data-element_type=\"widget\" data-settings=\"{&quot;_animation&quot;:&quot;fadeInLeft&quot;}\" data-widget_type=\"image.default\">\n\t\t\t\t<div class=\"elementor-widget-container\">\n\t\t\t\t\t\t\t\t\t\t\t\t\t\t\t<img decoding=\"async\" width=\"230\" height=\"153\" src=\"https:\/\/kintek.com.gt\/kineduka\/wp-content\/uploads\/2020\/12\/WhatsApp-Image-2020-10-23-at-12.12.04-PM-230x153.jpeg\" class=\"attachment-sydney-small-thumb size-sydney-small-thumb wp-image-215\" alt=\"diapositiva 1\" srcset=\"https:\/\/kintek.com.gt\/kineduka\/wp-content\/uploads\/2020\/12\/WhatsApp-Image-2020-10-23-at-12.12.04-PM-230x153.jpeg 230w, https:\/\/kintek.com.gt\/kineduka\/wp-content\/uploads\/2020\/12\/WhatsApp-Image-2020-10-23-at-12.12.04-PM-300x200.jpeg 300w, https:\/\/kintek.com.gt\/kineduka\/wp-content\/uploads\/2020\/12\/WhatsApp-Image-2020-10-23-at-12.12.04-PM-1024x682.jpeg 1024w, https:\/\/kintek.com.gt\/kineduka\/wp-content\/uploads\/2020\/12\/WhatsApp-Image-2020-10-23-at-12.12.04-PM-768x512.jpeg 768w, https:\/\/kintek.com.gt\/kineduka\/wp-content\/uploads\/2020\/12\/WhatsApp-Image-2020-10-23-at-12.12.04-PM-830x553.jpeg 830w, https:\/\/kintek.com.gt\/kineduka\/wp-content\/uploads\/2020\/12\/WhatsApp-Image-2020-10-23-at-12.12.04-PM-350x233.jpeg 350w, https:\/\/kintek.com.gt\/kineduka\/wp-content\/uploads\/2020\/12\/WhatsApp-Image-2020-10-23-at-12.12.04-PM-480x320.jpeg 480w, https:\/\/kintek.com.gt\/kineduka\/wp-content\/uploads\/2020\/12\/WhatsApp-Image-2020-10-23-at-12.12.04-PM.jpeg 1280w\" sizes=\"(max-width: 230px) 100vw, 230px\" \/>\t\t\t\t\t\t\t\t\t\t\t\t\t\t\t<\/div>\n\t\t\t\t<\/div>\n\t\t\t\t\t<\/div>\n\t\t<\/div>\n\t\t\t\t<div class=\"elementor-column elementor-col-50 elementor-inner-column elementor-element elementor-element-eb76be8\" data-id=\"eb76be8\" data-element_type=\"column\">\n\t\t\t<div class=\"elementor-widget-wrap elementor-element-populated\">\n\t\t\t\t\t\t<div class=\"elementor-element elementor-element-aa64a64 elementor-widget elementor-widget-heading\" data-id=\"aa64a64\" data-element_type=\"widget\" data-widget_type=\"heading.default\">\n\t\t\t\t<div class=\"elementor-widget-container\">\n\t\t\t\t\t<h3 class=\"elementor-heading-title elementor-size-default\">Energ\u00eda Solar <\/h3>\t\t\t\t<\/div>\n\t\t\t\t<\/div>\n\t\t\t\t<div class=\"elementor-element elementor-element-bf4937f elementor-widget elementor-widget-text-editor\" data-id=\"bf4937f\" data-element_type=\"widget\" data-widget_type=\"text-editor.default\">\n\t\t\t\t<div class=\"elementor-widget-container\">\n\t\t\t\t\t\t\t\t\t<p>En KINEDUKA\u00a0 te ofrecemos diversos cursos del \u00e1rea de\u00a0 Energ\u00eda Solar Fotovoltaica, a nivel mundial es una de las fuentes de energ\u00eda con mayor crecimiento<\/p>\t\t\t\t\t\t\t\t<\/div>\n\t\t\t\t<\/div>\n\t\t\t\t<div class=\"elementor-element elementor-element-5060ae8 elementor-widget elementor-widget-button\" data-id=\"5060ae8\" data-element_type=\"widget\" data-widget_type=\"button.default\">\n\t\t\t\t<div class=\"elementor-widget-container\">\n\t\t\t\t\t\t\t\t\t<div class=\"elementor-button-wrapper\">\n\t\t\t\t\t<a class=\"elementor-button elementor-size-sm\" role=\"button\">\n\t\t\t\t\t\t<span class=\"elementor-button-content-wrapper\">\n\t\t\t\t\t\t<span class=\"elementor-button-icon\">\n\t\t\t\t<i aria-hidden=\"true\" class=\"fas fa-plus\"><\/i>\t\t\t<\/span>\n\t\t\t\t\t\t\t\t\t<span class=\"elementor-button-text\">Ver todos<\/span>\n\t\t\t\t\t<\/span>\n\t\t\t\t\t<\/a>\n\t\t\t\t<\/div>\n\t\t\t\t\t\t\t\t<\/div>\n\t\t\t\t<\/div>\n\t\t\t\t<div class=\"elementor-element elementor-element-ad9c7c8 elementor-widget elementor-widget-read-more\" data-id=\"ad9c7c8\" data-element_type=\"widget\" data-widget_type=\"read-more.default\">\n\t\t\t\t<div class=\"elementor-widget-container\">\n\t\t\t\t\t<\/div><\/div><\/div><\/div><\/div><\/section><\/div><\/div><\/div><\/section><\/div> <a href=\"https:\/\/kintek.com.gt\/kineduka\/cursos-por-areas\/#more-728\" class=\"more-link elementor-more-link\"><span aria-label=\"Sigue leyendo Cursos por areas\">Ver m\u00e1s<\/span><\/a>","protected":false},"excerpt":{"rendered":"<p>Formaci\u00f3n por \u00e1reas Energ\u00eda Solar En KINEDUKA\u00a0 te ofrecemos diversos cursos del \u00e1rea de\u00a0 Energ\u00eda Solar Fotovoltaica, a nivel mundial es una de las fuentes de energ\u00eda con mayor crecimiento Ver todos<\/p>\n","protected":false},"author":1,"featured_media":0,"parent":0,"menu_order":0,"comment_status":"closed","ping_status":"closed","template":"page-templates\/page_front-page.php","meta":{"footnotes":""},"class_list":["post-728","page","type-page","status-publish","hentry"],"_links":{"self":[{"href":"https:\/\/kintek.com.gt\/kineduka\/wp-json\/wp\/v2\/pages\/728","targetHints":{"allow":["GET"]}}],"collection":[{"href":"https:\/\/kintek.com.gt\/kineduka\/wp-json\/wp\/v2\/pages"}],"about":[{"href":"https:\/\/kintek.com.gt\/kineduka\/wp-json\/wp\/v2\/types\/page"}],"author":[{"embeddable":true,"href":"https:\/\/kintek.com.gt\/kineduka\/wp-json\/wp\/v2\/users\/1"}],"replies":[{"embeddable":true,"href":"https:\/\/kintek.com.gt\/kineduka\/wp-json\/wp\/v2\/comments?post=728"}],"version-history":[{"count":10,"href":"https:\/\/kintek.com.gt\/kineduka\/wp-json\/wp\/v2\/pages\/728\/revisions"}],"predecessor-version":[{"id":740,"href":"https:\/\/kintek.com.gt\/kineduka\/wp-json\/wp\/v2\/pages\/728\/revisions\/740"}],"wp:attachment":[{"href":"https:\/\/kintek.com.gt\/kineduka\/wp-json\/wp\/v2\/media?parent=728"}],"curies":[{"name":"wp","href":"https:\/\/api.w.org\/{rel}","templated":true}]}}